{"id":2812,"date":"2022-09-08T10:28:28","date_gmt":"2022-09-08T13:28:28","guid":{"rendered":"https:\/\/abs-salta.com\/web\/?page_id=2812"},"modified":"2024-04-11T12:12:52","modified_gmt":"2024-04-11T15:12:52","slug":"capacitacion-virtual","status":"publish","type":"page","link":"https:\/\/abs-salta.com\/web\/capacitacion-virtual\/","title":{"rendered":"Capacitaci\u00f3n Virtual"},"content":{"rendered":"<p>[et_pb_section fb_built=\u00bb1&#8243; _builder_version=\u00bb4.16&#8243; background_color=\u00bbrgba(13,160,197,0.23)\u00bb custom_padding=\u00bb5px||8px|||\u00bb global_colors_info=\u00bb{}\u00bb][et_pb_row column_structure=\u00bb1_3,1_3,1_3&#8243; use_custom_gutter=\u00bbon\u00bb gutter_width=\u00bb1&#8243; make_equal=\u00bbon\u00bb _builder_version=\u00bb4.16&#8243; custom_padding=\u00bb44px||0px|||\u00bb global_colors_info=\u00bb{}\u00bb][et_pb_column type=\u00bb1_3&#8243; _builder_version=\u00bb4.16&#8243; global_colors_info=\u00bb{}\u00bb][et_pb_text _builder_version=\u00bb4.16&#8243; header_font=\u00bbMontserrat||||||||\u00bb header_font_size=\u00bb41px\u00bb header_text_shadow_style=\u00bbpreset1&#8243; global_colors_info=\u00bb{}\u00bb]<\/p>\n<h1 style=\"text-align: left;\">Capacitaci\u00f3n<\/br>Virtual <\/h1>\n<p>[\/et_pb_text][\/et_pb_column][et_pb_column type=\u00bb1_3&#8243; _builder_version=\u00bb4.16&#8243; global_colors_info=\u00bb{}\u00bb][\/et_pb_column][et_pb_column type=\u00bb1_3&#8243; _builder_version=\u00bb4.16&#8243; global_colors_info=\u00bb{}\u00bb][et_pb_search include_categories=\u00bb12&#8243; _builder_version=\u00bb4.16&#8243; background_color=\u00bb#ffffff\u00bb global_colors_info=\u00bb{}\u00bb][\/et_pb_search][\/et_pb_column][\/et_pb_row][\/et_pb_section][et_pb_section fb_built=\u00bb1&#8243; _builder_version=\u00bb4.16&#8243; background_color=\u00bbrgba(214,214,214,0.27)\u00bb custom_padding=\u00bb4px|||||\u00bb global_colors_info=\u00bb{}\u00bb][et_pb_row _builder_version=\u00bb4.16&#8243; _module_preset=\u00bbdefault\u00bb global_colors_info=\u00bb{}\u00bb][et_pb_column type=\u00bb4_4&#8243; _builder_version=\u00bb4.16&#8243; _module_preset=\u00bbdefault\u00bb global_colors_info=\u00bb{}\u00bb][et_pb_text _builder_version=\u00bb4.16&#8243; _module_preset=\u00bbdefault\u00bb global_colors_info=\u00bb{}\u00bb]<style type=\"text\/css\">\r\n\/* section title *\/\r\n.pgcu_title {\r\n\tcolor: #444444;\r\n}\r\n<\/style><style type=\"text\/css\">\r\n.pgcu_pagination {\r\n  text-align: center;\r\n  margin-bottom: 20px\r\n}\r\n\r\n.pgcu_pagination .page-numbers {\r\n  color:#000000;\r\n}\r\n.pgcu_pagination .page-numbers:hover {\r\n  color:#1e73be;\r\n}\r\n.pgcu_pagination ul {\r\n  display: -webkit-inline-box;\r\n  display: -webkit-inline-flex;\r\n  display: -ms-inline-flexbox;\r\n  display: inline-flex;\r\n  -webkit-flex-wrap: wrap;\r\n      -ms-flex-wrap: wrap;\r\n          flex-wrap: wrap;\r\n  border: 1px solid #e4e4ed;\r\n  -webkit-border-radius: 2px;\r\n          border-radius: 2px;\r\n  align-items:center;\r\n}\r\n\r\n.pgcu_pagination ul a.page-numbers, .pgcu_pagination ul span.page-numbers {\r\n  border-left: 1px solid #e4e4ed;\r\n  margin-bottom: 0;\r\n    border-bottom: 0;\r\n}\r\n.pgcu_pagination ul a.page-numbers:first-child{\r\n  border-left: 0 none;\r\n}\r\n\r\n.pgcu_pagination ul a, .pgcu_pagination ul span {\r\n  line-height: 40px;\r\n  padding: 0 15px;\r\n  display: block;\r\n  font-size: 16px;\r\n}\r\n.pgcu_pagination ul span.current{\r\n  border:0 none;\r\n  background: #1e73be;\r\n  border-radius: 0;\r\n  color: #ffffff;\r\n}\r\n.pgcu_pagination ul span.dots{\r\n  border:0 none;\r\n  border-left: 1px solid #e4e4ed;\r\n  background: none;\r\n  border-radius: 0;\r\n  box-shadow: none;\r\n}\r\n\r\n.pgcu_pagination ul li:nth-child(5) {\r\n  padding: 0 15px;\r\n  line-height: 32px;\r\n}\r\n\r\n.pgcu_pagination ul li.active a {\r\n  background: #f42156;\r\n  color: #fff;\r\n}\r\n<\/style><style type=\"text\/css\">\r\n\/* Style 06 *\/\r\n#pgcu_style6 .pgcu_post.pgcu_post--style4 {\r\n    background: #fff;\r\n    -webkit-box-shadow: 0 5px 20px rgba(64, 65, 83, 0.05);\r\n            box-shadow: 0 5px 20px rgba(64, 65, 83, 0.05);\r\n    padding-bottom: 0;\r\n    border-bottom: none;\r\n    margin-bottom: 30px\r\n}\r\n#pgcu_style6 .pgcu_post.pgcu_post--style4 .pgcu_post__image {\r\n    padding: 20px 20px 0 20px;\r\n}\r\n#pgcu_style6 .pgcu_post.pgcu_post--style4 .pgcu_post__image img {\r\n    -webkit-border-radius: 0;\r\n            border-radius: 0;\r\n}\r\n#pgcu_style6 .pgcu_post.pgcu_post--style4 .pgcu_post__contents .post-cat {\r\n    margin-bottom: 13px;\r\n}\r\n#pgcu_style6 .pgcu_post.pgcu_post--style4 .pgcu_post__contents .post-cat a {\r\n    font-size: 12px;\r\n    line-height: 22px;\r\n    color: #fff;\r\n    background: #f42156;\r\n    display: inline-block;\r\n    padding: 0 10px;\r\n    margin-bottom: 5px;\r\n    border-bottom: 0;\r\n}\r\n#pgcu_style6 .pgcu_post .post_title h4 {\r\n    margin: 0;\r\n    color: #1e73be;\r\n    font-size: 20px;\r\n    font-weight: 500;\r\n    text-align: left;\r\n}\r\n#pgcu_style6 .pgcu_post .post_title h4:hover {\r\n    color: #1e73be;\r\n}\r\n\r\n#pgcu_style6 .author-date {\r\n\tmargin-left: 0;\r\n    margin-bottom: 0;\r\n    flex-wrap: wrap;\r\n    padding-top: 15px;\r\n}\r\n#pgcu_style6 .author-date > li:first-child {\r\n    margin-left: 0;\r\n    padding-left: 0;\r\n\r\n}\r\n#pgcu_style6 .pgcu_post .pgcu_post__contents {\r\n\tpadding-bottom: 15px\r\n}\r\n#pgcu_style6 p {\r\n    margin-bottom: 15px;\r\n    color: #000000;\r\n    font-size: 16px;\r\n    line-height: 30px;\r\n    font-weight: 100;\r\n    text-align: left}\r\n#pgcu_style6 .author-date li,#pgcu_style6 .author-date li a {\r\n    color: #000000;\r\n    font-size: 14px;\r\n    border-bottom: 0;\r\n}\r\n<\/style><section class=\"section-padding bgcolor\">\r\n    <div id=\"pgcu_style6\">\r\n        <div class=\"pgcu_container g_theme_8\">\r\n                        <!-- Ends: .row -->\r\n            <div class=\"aaz_pgcu_wrapper\">\r\n                <div class=\"pgcu_row theme8-posts-container\">\r\n\r\n                                    <div class=\"col-md-4 col-sm-6 col-xs-12\">\r\n                        <article class=\"pgcu_post pgcu_post--style4\">\r\n                                                        <figure class=\"pgcu_post__image\">\r\n                                                                <img decoding=\"async\" src=\"\" alt=\"\">\r\n                                                            <\/figure>\r\n                                                        <!-- Ends: figure -->\r\n                            <div class=\"pgcu_post__contents\">\r\n                                           \r\n                                                                <div class=\"post_title\">\r\n                                    <a href=\"https:\/\/abs-salta.com\/web\/nuevo-instructivo-para-la-anulacion-de-validaciones-de-ordenes\/\" target=\"_blank\">\r\n                                        <h4>NUEVO! Instructivo para la anulaci\u00f3n de validaciones de \u00f3rdenes<\/h4>\r\n                                    <\/a>\r\n                                <\/div>\r\n                                                                                                 <p>IT 10 \u2013 REV 00 Sres. socios Comunicamos a Uds. que a partir de ahora cada profesional podr\u00e1 anular sus&hellip;                                <\/p>\r\n                                \r\n                                <ul class=\"author-date\">\r\n                                                                           \r\n                                    <li>febrero 19, 2026<\/li>\r\n\r\n                                                                    <\/ul>\r\n\r\n                            <\/div>\r\n                            <!-- Ends: .pgcu_post__contents -->\r\n                        <\/article>\r\n                        <!-- Ends: article -->\r\n                    <\/div>\r\n                    <!-- Ends: .col-md-4 -->\r\n                                        <div class=\"col-md-4 col-sm-6 col-xs-12\">\r\n                        <article class=\"pgcu_post pgcu_post--style4\">\r\n                                                        <figure class=\"pgcu_post__image\">\r\n                                                                <img decoding=\"async\" src=\"\" alt=\"\">\r\n                                                            <\/figure>\r\n                                                        <!-- Ends: figure -->\r\n                            <div class=\"pgcu_post__contents\">\r\n                                           \r\n                                                                <div class=\"post_title\">\r\n                                    <a href=\"https:\/\/abs-salta.com\/web\/nuevo-procedimiento-de-presentacion-de-ordenes-cronograma\/\" target=\"_blank\">\r\n                                        <h4>NUEVO! Instructivo Presentaci\u00f3n de \u00f3rdenes\/Cronograma<\/h4>\r\n                                    <\/a>\r\n                                <\/div>\r\n                                                                                                 <p>IT 01 - Rev 00 Sres. Socios Comunicamos a Uds. que a partir de la pr\u00f3xima presentaci\u00f3n de \u00f3rdenes, deber\u00e1n&hellip;                                <\/p>\r\n                                \r\n                                <ul class=\"author-date\">\r\n                                                                           \r\n                                    <li>febrero 23, 2023<\/li>\r\n\r\n                                                                    <\/ul>\r\n\r\n                            <\/div>\r\n                            <!-- Ends: .pgcu_post__contents -->\r\n                        <\/article>\r\n                        <!-- Ends: article -->\r\n                    <\/div>\r\n                    <!-- Ends: .col-md-4 -->\r\n                                        <div class=\"col-md-4 col-sm-6 col-xs-12\">\r\n                        <article class=\"pgcu_post pgcu_post--style4\">\r\n                                                        <figure class=\"pgcu_post__image\">\r\n                                                                <img decoding=\"async\" src=\"https:\/\/abs-salta.com\/web\/wp-content\/uploads\/2022\/09\/PAMI-01-300x200.jpg\" alt=\"\">\r\n                                                            <\/figure>\r\n                                                        <!-- Ends: figure -->\r\n                            <div class=\"pgcu_post__contents\">\r\n                                           \r\n                                                                <div class=\"post_title\">\r\n                                    <a href=\"https:\/\/abs-salta.com\/web\/contar-ordenes-pami\/\" target=\"_blank\">\r\n                                        <h4>C\u00f3mo contar \u00f3rdenes PAMI<\/h4>\r\n                                    <\/a>\r\n                                <\/div>\r\n                                                                                                 <p>&nbsp; &#x1f4cc;\u00a0Atenci\u00f3n: En el formulario de presentaci\u00f3n de \u00f3rdenes por favor cargar PAMI discriminando las \u00f3rdenes en los siguientes c\u00f3digos:&hellip;                                <\/p>\r\n                                \r\n                                <ul class=\"author-date\">\r\n                                                                           \r\n                                    <li>septiembre 12, 2022<\/li>\r\n\r\n                                                                    <\/ul>\r\n\r\n                            <\/div>\r\n                            <!-- Ends: .pgcu_post__contents -->\r\n                        <\/article>\r\n                        <!-- Ends: article -->\r\n                    <\/div>\r\n                    <!-- Ends: .col-md-4 -->\r\n                                        <div class=\"col-md-4 col-sm-6 col-xs-12\">\r\n                        <article class=\"pgcu_post pgcu_post--style4\">\r\n                                                        <figure class=\"pgcu_post__image\">\r\n                                                                <img decoding=\"async\" src=\"https:\/\/abs-salta.com\/web\/wp-content\/uploads\/2022\/09\/NACIONALES-01-300x200.jpg\" alt=\"\">\r\n                                                            <\/figure>\r\n                                                        <!-- Ends: figure -->\r\n                            <div class=\"pgcu_post__contents\">\r\n                                           \r\n                                                                <div class=\"post_title\">\r\n                                    <a href=\"https:\/\/abs-salta.com\/web\/contar-ordenes-nacionales\/\" target=\"_blank\">\r\n                                        <h4>C\u00f3mo contar \u00f3rdenes Nacionales<\/h4>\r\n                                    <\/a>\r\n                                <\/div>\r\n                                                                                                 <p>IT 07 - Rev 00 &nbsp; &#x1f4cc;\u00a0Atenci\u00f3n: &#x2705;\u00a0Por favor presentar TODAS las \u00f3rdenes correspondientes al per\u00edodo de facturaci\u00f3n &#x274c; NO&hellip;                                <\/p>\r\n                                \r\n                                <ul class=\"author-date\">\r\n                                                                           \r\n                                    <li>septiembre 12, 2022<\/li>\r\n\r\n                                                                    <\/ul>\r\n\r\n                            <\/div>\r\n                            <!-- Ends: .pgcu_post__contents -->\r\n                        <\/article>\r\n                        <!-- Ends: article -->\r\n                    <\/div>\r\n                    <!-- Ends: .col-md-4 -->\r\n                                        <div class=\"col-md-4 col-sm-6 col-xs-12\">\r\n                        <article class=\"pgcu_post pgcu_post--style4\">\r\n                                                        <figure class=\"pgcu_post__image\">\r\n                                                                <img decoding=\"async\" src=\"https:\/\/abs-salta.com\/web\/wp-content\/uploads\/2022\/09\/IPS-01-300x200.jpg\" alt=\"\">\r\n                                                            <\/figure>\r\n                                                        <!-- Ends: figure -->\r\n                            <div class=\"pgcu_post__contents\">\r\n                                           \r\n                                                                <div class=\"post_title\">\r\n                                    <a href=\"https:\/\/abs-salta.com\/web\/contar-ordenes-ips\/\" target=\"_blank\">\r\n                                        <h4>C\u00f3mo contar \u00f3rdenes IPS<\/h4>\r\n                                    <\/a>\r\n                                <\/div>\r\n                                                                                                 <p>IT 08 - Rev 00 &nbsp; &#x1f4cc;\u00a0Atenci\u00f3n: &#x2705;\u00a0Por favor presentar\u00a0TODAS las \u00f3rdenes correspondientes al per\u00edodo de facturaci\u00f3n &#x274c;\u00a0NO presentar\u00a0\u00f3rdenes adelantadas\u00a0(de&hellip;                                <\/p>\r\n                                \r\n                                <ul class=\"author-date\">\r\n                                                                           \r\n                                    <li>septiembre 12, 2022<\/li>\r\n\r\n                                                                    <\/ul>\r\n\r\n                            <\/div>\r\n                            <!-- Ends: .pgcu_post__contents -->\r\n                        <\/article>\r\n                        <!-- Ends: article -->\r\n                    <\/div>\r\n                    <!-- Ends: .col-md-4 -->\r\n                                        <div class=\"col-md-4 col-sm-6 col-xs-12\">\r\n                        <article class=\"pgcu_post pgcu_post--style4\">\r\n                                                        <figure class=\"pgcu_post__image\">\r\n                                                                <img decoding=\"async\" src=\"https:\/\/abs-salta.com\/web\/wp-content\/uploads\/2021\/12\/video-300x200.jpg\" alt=\"\">\r\n                                                            <\/figure>\r\n                                                        <!-- Ends: figure -->\r\n                            <div class=\"pgcu_post__contents\">\r\n                                           \r\n                                                                <div class=\"post_title\">\r\n                                    <a href=\"https:\/\/abs-salta.com\/web\/primer-taller\/\" target=\"_blank\">\r\n                                        <h4>Primer Taller<\/h4>\r\n                                    <\/a>\r\n                                <\/div>\r\n                                                                                                 <p>1er TALLER DE CAPACITACION VIRTUAL Normativas de Facturaci\u00f3n y Presentaci\u00f3n de Ordenes                                <\/p>\r\n                                \r\n                                <ul class=\"author-date\">\r\n                                                                           \r\n                                    <li>diciembre 13, 2021<\/li>\r\n\r\n                                                                    <\/ul>\r\n\r\n                            <\/div>\r\n                            <!-- Ends: .pgcu_post__contents -->\r\n                        <\/article>\r\n                        <!-- Ends: article -->\r\n                    <\/div>\r\n                    <!-- Ends: .col-md-4 -->\r\n                                        \r\n                <\/div><!-- end row -->\r\n\r\n                                                    <\/ul>\r\n                                <\/div>\r\n                                <!-- Ends: .pgcu_pagination -->\r\n                    <\/div>\r\n                <\/div>\r\n                \r\n            <\/div>\r\n            <!-- Ends: .aaz_pgcu_wrapper -->\r\n        <\/div>\r\n        <!-- Ends: .container -->\r\n    <\/div>    \r\n<\/section>\r\n<!-- Ends: section -->[\/et_pb_text][\/et_pb_column][\/et_pb_row][\/et_pb_section]<\/p>\n","protected":false},"excerpt":{"rendered":"<p>[et_pb_section fb_built=\u00bb1&#8243; _builder_version=\u00bb4.16&#8243; background_color=\u00bbrgba(13,160,197,0.23)\u00bb custom_padding=\u00bb5px||8px|||\u00bb global_colors_info=\u00bb{}\u00bb][et_pb_row column_structure=\u00bb1_3,1_3,1_3&#8243; use_custom_gutter=\u00bbon\u00bb gutter_width=\u00bb1&#8243; make_equal=\u00bbon\u00bb _builder_version=\u00bb4.16&#8243; custom_padding=\u00bb44px||0px|||\u00bb global_colors_info=\u00bb{}\u00bb][et_pb_column type=\u00bb1_3&#8243; _builder_version=\u00bb4.16&#8243; global_colors_info=\u00bb{}\u00bb][et_pb_text _builder_version=\u00bb4.16&#8243; header_font=\u00bbMontserrat||||||||\u00bb header_font_size=\u00bb41px\u00bb header_text_shadow_style=\u00bbpreset1&#8243; global_colors_info=\u00bb{}\u00bb] Capacitaci\u00f3nVirtual [\/et_pb_text][\/et_pb_column][et_pb_column type=\u00bb1_3&#8243; _builder_version=\u00bb4.16&#8243; global_colors_info=\u00bb{}\u00bb][\/et_pb_column][et_pb_column type=\u00bb1_3&#8243; _builder_version=\u00bb4.16&#8243; global_colors_info=\u00bb{}\u00bb][et_pb_search include_categories=\u00bb12&#8243; _builder_version=\u00bb4.16&#8243; background_color=\u00bb#ffffff\u00bb global_colors_info=\u00bb{}\u00bb][\/et_pb_search][\/et_pb_column][\/et_pb_row][\/et_pb_section][et_pb_section fb_built=\u00bb1&#8243; _builder_version=\u00bb4.16&#8243; background_color=\u00bbrgba(214,214,214,0.27)\u00bb custom_padding=\u00bb4px|||||\u00bb global_colors_info=\u00bb{}\u00bb][et_pb_row _builder_version=\u00bb4.16&#8243; _module_preset=\u00bbdefault\u00bb global_colors_info=\u00bb{}\u00bb][et_pb_column type=\u00bb4_4&#8243; _builder_version=\u00bb4.16&#8243; _module_preset=\u00bbdefault\u00bb global_colors_info=\u00bb{}\u00bb][et_pb_text _builder_version=\u00bb4.16&#8243; _module_preset=\u00bbdefault\u00bb global_colors_info=\u00bb{}\u00bb][\/et_pb_text][\/et_pb_column][\/et_pb_row][\/et_pb_section]<\/p>\n","protected":false},"author":2,"featured_media":0,"parent":0,"menu_order":0,"comment_status":"closed","ping_status":"closed","template":"page-template-fullwidth.php","meta":{"_et_pb_use_builder":"on","_et_pb_old_content":"","_et_gb_content_width":"","footnotes":""},"class_list":["post-2812","page","type-page","status-publish","hentry"],"_links":{"self":[{"href":"https:\/\/abs-salta.com\/web\/wp-json\/wp\/v2\/pages\/2812","targetHints":{"allow":["GET"]}}],"collection":[{"href":"https:\/\/abs-salta.com\/web\/wp-json\/wp\/v2\/pages"}],"about":[{"href":"https:\/\/abs-salta.com\/web\/wp-json\/wp\/v2\/types\/page"}],"author":[{"embeddable":true,"href":"https:\/\/abs-salta.com\/web\/wp-json\/wp\/v2\/users\/2"}],"replies":[{"embeddable":true,"href":"https:\/\/abs-salta.com\/web\/wp-json\/wp\/v2\/comments?post=2812"}],"version-history":[{"count":8,"href":"https:\/\/abs-salta.com\/web\/wp-json\/wp\/v2\/pages\/2812\/revisions"}],"predecessor-version":[{"id":7745,"href":"https:\/\/abs-salta.com\/web\/wp-json\/wp\/v2\/pages\/2812\/revisions\/7745"}],"wp:attachment":[{"href":"https:\/\/abs-salta.com\/web\/wp-json\/wp\/v2\/media?parent=2812"}],"curies":[{"name":"wp","href":"https:\/\/api.w.org\/{rel}","templated":true}]}}