{"id":7643,"date":"2025-08-13T14:50:28","date_gmt":"2025-08-13T17:50:28","guid":{"rendered":"https:\/\/abs-salta.com\/web\/?page_id=7643"},"modified":"2025-08-13T15:10:31","modified_gmt":"2025-08-13T18:10:31","slug":"nbu","status":"publish","type":"page","link":"https:\/\/abs-salta.com\/web\/nbu\/","title":{"rendered":"NBU"},"content":{"rendered":"<p>[et_pb_section fb_built=\u00bb1&#8243; _builder_version=\u00bb4.23.4&#8243; _module_preset=\u00bbdefault\u00bb background_color=\u00bb#f7f8fc\u00bb custom_padding=\u00bb26px||20px|||\u00bb global_colors_info=\u00bb{}\u00bb][et_pb_row column_structure=\u00bb1_4,1_4,1_4,1_4&#8243; use_custom_gutter=\u00bbon\u00bb make_equal=\u00bbon\u00bb _builder_version=\u00bb4.23.4&#8243; _module_preset=\u00bbdefault\u00bb max_width=\u00bb2560px\u00bb custom_padding=\u00bb0px||88px|||\u00bb hover_enabled=\u00bb0&#8243; global_colors_info=\u00bb{}\u00bb sticky_enabled=\u00bb0&#8243; custom_margin=\u00bb55px|auto||auto||\u00bb][et_pb_column type=\u00bb1_4&#8243; _builder_version=\u00bb4.23.4&#8243; _module_preset=\u00bbdefault\u00bb background_color=\u00bb#FFFFFF\u00bb custom_padding=\u00bb28px|11px|28px|11px|true|true\u00bb link_option_url=\u00bbhttps:\/\/abs-salta.com\/web\/wp-content\/uploads\/2023\/08\/nbu-2_230822_134238.pdf\u00bb link_option_url_new_window=\u00bbon\u00bb hover_enabled=\u00bb0&#8243; border_radii=\u00bbon|10px|10px|10px|10px\u00bb border_width_all=\u00bb1px\u00bb border_color_all=\u00bb#D6D6D6&#8243; global_colors_info=\u00bb{}\u00bb sticky_enabled=\u00bb0&#8243;][et_pb_blurb image_icon_width=\u00bb70%\u00bb _builder_version=\u00bb4.23.4&#8243; _module_preset=\u00bbdefault\u00bb header_font=\u00bb|800|||||||\u00bb header_text_align=\u00bbcenter\u00bb header_text_color=\u00bb#0a3256&#8243; header_font_size=\u00bb16px\u00bb body_font_size=\u00bb16px\u00bb hover_enabled=\u00bb0&#8243; global_colors_info=\u00bb{}\u00bb title_text=\u00bbpdf\u00bb image=\u00bbhttps:\/\/abs-salta.com\/web\/wp-content\/uploads\/2024\/04\/pdf.png\u00bb sticky_enabled=\u00bb0&#8243;]<\/p>\n<p style=\"text-align: center;\"><strong>NBU Versi\u00f3n 2012<\/strong><br \/>\n<strong>Actualizaci\u00f3n 2016<\/strong>[\/et_pb_blurb][\/et_pb_column][et_pb_column type=\u00bb1_4&#8243; _builder_version=\u00bb4.23.4&#8243; _module_preset=\u00bbdefault\u00bb background_color=\u00bb#FFFFFF\u00bb custom_padding=\u00bb28px|11px|28px|11px|true|true\u00bb link_option_url=\u00bbhttps:\/\/abs-salta.com\/web\/wp-content\/uploads\/2025\/08\/NBU-Version-2012-Act.2016-Anexo-11.2023.pdf\u00bb link_option_url_new_window=\u00bbon\u00bb hover_enabled=\u00bb0&#8243; border_radii=\u00bbon|10px|10px|10px|10px\u00bb border_width_all=\u00bb1px\u00bb border_color_all=\u00bb#D6D6D6&#8243; global_colors_info=\u00bb{}\u00bb sticky_enabled=\u00bb0&#8243;][et_pb_blurb image_icon_width=\u00bb70%\u00bb _builder_version=\u00bb4.23.4&#8243; _module_preset=\u00bbdefault\u00bb header_font=\u00bb|800|||||||\u00bb header_text_align=\u00bbcenter\u00bb header_text_color=\u00bb#0a3256&#8243; header_font_size=\u00bb16px\u00bb body_font_size=\u00bb16px\u00bb hover_enabled=\u00bb0&#8243; global_colors_info=\u00bb{}\u00bb sticky_enabled=\u00bb0&#8243; title_text=\u00bbpdf\u00bb image=\u00bbhttps:\/\/abs-salta.com\/web\/wp-content\/uploads\/2024\/04\/pdf.png\u00bb]<\/p>\n<p style=\"text-align: center;\"><strong>N.B.U. Versi\u00f3n 2012 &#8211; Actualizaci\u00f3n 2016 &#8211; <\/strong><strong>Anexo 11.2023<\/strong><\/p>\n<p>[\/et_pb_blurb][\/et_pb_column][et_pb_column type=\u00bb1_4&#8243; _builder_version=\u00bb4.23.4&#8243; _module_preset=\u00bbdefault\u00bb background_color=\u00bb#FFFFFF\u00bb custom_padding=\u00bb28px|11px|28px|11px|true|true\u00bb link_option_url=\u00bbhttps:\/\/abs-salta.com\/web\/wp-content\/uploads\/2025\/08\/NBU-Version-2012-Act.2016-Anexo-01.2024.pdf\u00bb link_option_url_new_window=\u00bbon\u00bb hover_enabled=\u00bb0&#8243; border_radii=\u00bbon|10px|10px|10px|10px\u00bb border_width_all=\u00bb1px\u00bb border_color_all=\u00bb#D6D6D6&#8243; global_colors_info=\u00bb{}\u00bb sticky_enabled=\u00bb0&#8243;][et_pb_blurb image_icon_width=\u00bb70%\u00bb _builder_version=\u00bb4.23.4&#8243; _module_preset=\u00bbdefault\u00bb header_font=\u00bb|800|||||||\u00bb header_text_align=\u00bbcenter\u00bb header_text_color=\u00bb#0a3256&#8243; header_font_size=\u00bb16px\u00bb body_font_size=\u00bb16px\u00bb hover_enabled=\u00bb0&#8243; global_colors_info=\u00bb{}\u00bb sticky_enabled=\u00bb0&#8243; title_text=\u00bbpdf\u00bb image=\u00bbhttps:\/\/abs-salta.com\/web\/wp-content\/uploads\/2024\/04\/pdf.png\u00bb]<\/p>\n<p style=\"text-align: center;\"><strong>N.B.U. Versi\u00f3n 2012 &#8211; Actualizaci\u00f3n 2016 &#8211; Enero 2024<\/strong><\/p>\n<p>[\/et_pb_blurb][\/et_pb_column][et_pb_column type=\u00bb1_4&#8243; _builder_version=\u00bb4.23.4&#8243; _module_preset=\u00bbdefault\u00bb background_color=\u00bb#FFFFFF\u00bb custom_padding=\u00bb28px|11px|28px|11px|true|true\u00bb link_option_url=\u00bbhttps:\/\/abs-salta.com\/web\/wp-content\/uploads\/2025\/08\/NBU-Version-2012.pdf\u00bb link_option_url_new_window=\u00bbon\u00bb hover_enabled=\u00bb0&#8243; border_radii=\u00bbon|10px|10px|10px|10px\u00bb border_width_all=\u00bb1px\u00bb border_color_all=\u00bb#D6D6D6&#8243; global_colors_info=\u00bb{}\u00bb sticky_enabled=\u00bb0&#8243;][et_pb_blurb image_icon_width=\u00bb70%\u00bb _builder_version=\u00bb4.23.4&#8243; _module_preset=\u00bbdefault\u00bb header_font=\u00bb|800|||||||\u00bb header_text_align=\u00bbcenter\u00bb header_text_color=\u00bb#0a3256&#8243; header_font_size=\u00bb16px\u00bb body_font_size=\u00bb16px\u00bb hover_enabled=\u00bb0&#8243; global_colors_info=\u00bb{}\u00bb sticky_enabled=\u00bb0&#8243; title_text=\u00bbpdf\u00bb image=\u00bbhttps:\/\/abs-salta.com\/web\/wp-content\/uploads\/2024\/04\/pdf.png\u00bb]<\/p>\n<p style=\"text-align: center;\"><strong>NBU Versi\u00f3n 2012<\/strong><\/p>\n<p>[\/et_pb_blurb][\/et_pb_column][\/et_pb_row][\/et_pb_section]<\/p>\n","protected":false},"excerpt":{"rendered":"<p>NBU Versi\u00f3n 2012 Actualizaci\u00f3n 2016N.B.U. Versi\u00f3n 2012 &#8211; Actualizaci\u00f3n 2016 &#8211; Anexo 11.2023N.B.U. Versi\u00f3n 2012 &#8211; Actualizaci\u00f3n 2016 &#8211; Enero 2024NBU Versi\u00f3n 2012<\/p>\n","protected":false},"author":2,"featured_media":0,"parent":0,"menu_order":0,"comment_status":"closed","ping_status":"closed","template":"page-template-fullwidth.php","meta":{"_et_pb_use_builder":"on","_et_pb_old_content":"","_et_gb_content_width":"","footnotes":""},"class_list":["post-7643","page","type-page","status-publish","hentry"],"_links":{"self":[{"href":"https:\/\/abs-salta.com\/web\/wp-json\/wp\/v2\/pages\/7643","targetHints":{"allow":["GET"]}}],"collection":[{"href":"https:\/\/abs-salta.com\/web\/wp-json\/wp\/v2\/pages"}],"about":[{"href":"https:\/\/abs-salta.com\/web\/wp-json\/wp\/v2\/types\/page"}],"author":[{"embeddable":true,"href":"https:\/\/abs-salta.com\/web\/wp-json\/wp\/v2\/users\/2"}],"replies":[{"embeddable":true,"href":"https:\/\/abs-salta.com\/web\/wp-json\/wp\/v2\/comments?post=7643"}],"version-history":[{"count":7,"href":"https:\/\/abs-salta.com\/web\/wp-json\/wp\/v2\/pages\/7643\/revisions"}],"predecessor-version":[{"id":7663,"href":"https:\/\/abs-salta.com\/web\/wp-json\/wp\/v2\/pages\/7643\/revisions\/7663"}],"wp:attachment":[{"href":"https:\/\/abs-salta.com\/web\/wp-json\/wp\/v2\/media?parent=7643"}],"curies":[{"name":"wp","href":"https:\/\/api.w.org\/{rel}","templated":true}]}}